{"id":342,"date":"2024-01-06T08:50:42","date_gmt":"2024-01-06T08:50:42","guid":{"rendered":"https:\/\/dev.logicsaint.com\/gbbc\/?page_id=342"},"modified":"2024-03-18T21:25:56","modified_gmt":"2024-03-18T21:25:56","slug":"imprint","status":"publish","type":"page","link":"https:\/\/gast-consulting.com\/de\/imprint\/","title":{"rendered":"Impressum"},"content":{"rendered":"<div data-elementor-type=\"wp-page\" data-elementor-id=\"342\" class=\"elementor elementor-342\" data-elementor-post-type=\"page\">\n\t\t\t\t<div class=\"elementor-element elementor-element-c4ddc4f e-flex e-con-boxed e-con e-parent\" data-id=\"c4ddc4f\" data-element_type=\"container\" data-settings=\"{&quot;background_background&quot;:&quot;classic&quot;,&quot;content_width&quot;:&quot;boxed&quot;}\" data-core-v316-plus=\"true\">\n\t\t\t\t\t<div class=\"e-con-inner\">\n\t\t\t\t<div class=\"elementor-element elementor-element-61c9fb0 elementor-widget elementor-widget-heading\" data-id=\"61c9fb0\" data-element_type=\"widget\" data-widget_type=\"heading.default\">\n\t\t\t\t<div class=\"elementor-widget-container\">\n\t\t\t<style>\/*! elementor - v3.19.0 - 07-02-2024 *\/\n.elementor-heading-title{padding:0;margin:0;line-height:1}.elementor-widget-heading .elementor-heading-title[class*=elementor-size-]>a{color:inherit;font-size:inherit;line-height:inherit}.elementor-widget-heading .elementor-heading-title.elementor-size-small{font-size:15px}.elementor-widget-heading .elementor-heading-title.elementor-size-medium{font-size:19px}.elementor-widget-heading .elementor-heading-title.elementor-size-large{font-size:29px}.elementor-widget-heading .elementor-heading-title.elementor-size-xl{font-size:39px}.elementor-widget-heading .elementor-heading-title.elementor-size-xxl{font-size:59px}<\/style><h2 class=\"elementor-heading-title elementor-size-default\">Impressum<\/h2>\t\t<\/div>\n\t\t\t\t<\/div>\n\t\t\t\t\t<\/div>\n\t\t\t\t<\/div>\n\t\t<div class=\"elementor-element elementor-element-3a4b0c8 e-flex e-con-boxed e-con e-parent\" data-id=\"3a4b0c8\" data-element_type=\"container\" data-settings=\"{&quot;background_background&quot;:&quot;classic&quot;,&quot;content_width&quot;:&quot;boxed&quot;}\" data-core-v316-plus=\"true\">\n\t\t\t\t\t<div class=\"e-con-inner\">\n\t\t<div class=\"elementor-element elementor-element-b0ace28 e-con-full e-flex elementor-invisible e-con e-child\" data-id=\"b0ace28\" data-element_type=\"container\" data-settings=\"{&quot;content_width&quot;:&quot;full&quot;,&quot;animation&quot;:&quot;fadeInUp&quot;}\">\n\t\t\t\t<div class=\"elementor-element elementor-element-29ba00d elementor-widget elementor-widget-text-editor\" data-id=\"29ba00d\" data-element_type=\"widget\" data-widget_type=\"text-editor.default\">\n\t\t\t\t<div class=\"elementor-widget-container\">\n\t\t\t<style>\/*! elementor - v3.19.0 - 07-02-2024 *\/\n.elementor-widget-text-editor.elementor-drop-cap-view-stacked .elementor-drop-cap{background-color:#69727d;color:#fff}.elementor-widget-text-editor.elementor-drop-cap-view-framed .elementor-drop-cap{color:#69727d;border:3px solid;background-color:transparent}.elementor-widget-text-editor:not(.elementor-drop-cap-view-default) .elementor-drop-cap{margin-top:8px}.elementor-widget-text-editor:not(.elementor-drop-cap-view-default) .elementor-drop-cap-letter{width:1em;height:1em}.elementor-widget-text-editor .elementor-drop-cap{float:left;text-align:center;line-height:1;font-size:50px}.elementor-widget-text-editor .elementor-drop-cap-letter{display:inline-block}<\/style>\t\t\t\t<p><span style=\"color: #2d2d2d;\">Gast Bike Business Consulting<\/span><\/p>\t\t\t\t\t\t<\/div>\n\t\t\t\t<\/div>\n\t\t\t\t<div class=\"elementor-element elementor-element-cabf67e elementor-widget elementor-widget-text-editor\" data-id=\"cabf67e\" data-element_type=\"widget\" data-widget_type=\"text-editor.default\">\n\t\t\t\t<div class=\"elementor-widget-container\">\n\t\t\t\t\t\t\t<p>Die Inhalte der Website von Gast Bike Business Consulting dienen lediglich der allgemeinen Information. Gast Bike Business Consulting macht keine Zusicherungen oder Gew\u00e4hrleistungen hinsichtlich der Vollst\u00e4ndigkeit, Richtigkeit, Zuverl\u00e4ssigkeit, Eignung oder Verf\u00fcgbarkeit der Inhalte der Website. Das Vertrauen in diese Informationen erfolgt auf eigene Gefahr.<\/p>\t\t\t\t\t\t<\/div>\n\t\t\t\t<\/div>\n\t\t\t\t<div class=\"elementor-element elementor-element-de60480 elementor-widget elementor-widget-text-editor\" data-id=\"de60480\" data-element_type=\"widget\" data-widget_type=\"text-editor.default\">\n\t\t\t\t<div class=\"elementor-widget-container\">\n\t\t\t\t\t\t\t<p>Kontaktinformationen<\/p>\t\t\t\t\t\t<\/div>\n\t\t\t\t<\/div>\n\t\t<div class=\"elementor-element elementor-element-d03bdd6 e-flex e-con-boxed e-con e-child\" data-id=\"d03bdd6\" data-element_type=\"container\" data-settings=\"{&quot;content_width&quot;:&quot;boxed&quot;}\">\n\t\t\t\t\t<div class=\"e-con-inner\">\n\t\t\t\t<div class=\"elementor-element elementor-element-d63518b elementor-widget elementor-widget-text-editor\" data-id=\"d63518b\" data-element_type=\"widget\" data-widget_type=\"text-editor.default\">\n\t\t\t\t<div class=\"elementor-widget-container\">\n\t\t\t\t\t\t\t<p>General Information:<\/p>\t\t\t\t\t\t<\/div>\n\t\t\t\t<\/div>\n\t\t\t\t<div class=\"elementor-element elementor-element-cc725c1 elementor-widget elementor-widget-text-editor\" data-id=\"cc725c1\" data-element_type=\"widget\" data-widget_type=\"text-editor.default\">\n\t\t\t\t<div class=\"elementor-widget-container\">\n\t\t\t\t\t\t\t<p>Gast Bike Business Consulting<\/p><p>Gr\u00fcnder &amp; Gesch\u00e4ftsf\u00fchrer: Bj\u00f6rn Gast<\/p>\t\t\t\t\t\t<\/div>\n\t\t\t\t<\/div>\n\t\t\t\t<div class=\"elementor-element elementor-element-aedb91b elementor-widget elementor-widget-text-editor\" data-id=\"aedb91b\" data-element_type=\"widget\" data-widget_type=\"text-editor.default\">\n\t\t\t\t<div class=\"elementor-widget-container\">\n\t\t\t\t\t\t\t<p>E-Mail Adresse<\/p>\t\t\t\t\t\t<\/div>\n\t\t\t\t<\/div>\n\t\t\t\t<div class=\"elementor-element elementor-element-7473cf2 elementor-widget elementor-widget-text-editor\" data-id=\"7473cf2\" data-element_type=\"widget\" data-widget_type=\"text-editor.default\">\n\t\t\t\t<div class=\"elementor-widget-container\">\n\t\t\t\t\t\t\t<p>info@gast-consulting.com<\/p>\t\t\t\t\t\t<\/div>\n\t\t\t\t<\/div>\n\t\t\t\t<div class=\"elementor-element elementor-element-31ed64a elementor-widget elementor-widget-text-editor\" data-id=\"31ed64a\" data-element_type=\"widget\" data-widget_type=\"text-editor.default\">\n\t\t\t\t<div class=\"elementor-widget-container\">\n\t\t\t\t\t\t\t<p>Telefonnummer<\/p>\t\t\t\t\t\t<\/div>\n\t\t\t\t<\/div>\n\t\t\t\t<div class=\"elementor-element elementor-element-b34875d elementor-widget elementor-widget-text-editor\" data-id=\"b34875d\" data-element_type=\"widget\" data-widget_type=\"text-editor.default\">\n\t\t\t\t<div class=\"elementor-widget-container\">\n\t\t\t\t\t\t\t<p>+31 6 40287025<\/p>\t\t\t\t\t\t<\/div>\n\t\t\t\t<\/div>\n\t\t\t\t<div class=\"elementor-element elementor-element-ef9dcb7 elementor-widget elementor-widget-text-editor\" data-id=\"ef9dcb7\" data-element_type=\"widget\" data-widget_type=\"text-editor.default\">\n\t\t\t\t<div class=\"elementor-widget-container\">\n\t\t\t\t\t\t\t<p>Adresse<\/p>\t\t\t\t\t\t<\/div>\n\t\t\t\t<\/div>\n\t\t\t\t<div class=\"elementor-element elementor-element-8692e95 elementor-widget elementor-widget-text-editor\" data-id=\"8692e95\" data-element_type=\"widget\" data-widget_type=\"text-editor.default\">\n\t\t\t\t<div class=\"elementor-widget-container\">\n\t\t\t\t\t\t\t<p>Mozartlaan 88<\/p><p>7522HP,\u00a0Enschede<\/p><p>Niederlande<\/p>\t\t\t\t\t\t<\/div>\n\t\t\t\t<\/div>\n\t\t\t\t<div class=\"elementor-element elementor-element-5608e8a elementor-widget elementor-widget-text-editor\" data-id=\"5608e8a\" data-element_type=\"widget\" data-widget_type=\"text-editor.default\">\n\t\t\t\t<div class=\"elementor-widget-container\">\n\t\t\t\t\t\t\t<p>Zus\u00e4tzliche Informationen<\/p>\t\t\t\t\t\t<\/div>\n\t\t\t\t<\/div>\n\t\t\t\t<div class=\"elementor-element elementor-element-7c29938 elementor-widget elementor-widget-text-editor\" data-id=\"7c29938\" data-element_type=\"widget\" data-widget_type=\"text-editor.default\">\n\t\t\t\t<div class=\"elementor-widget-container\">\n\t\t\t\t\t\t\t<p>USt.-ID: NL004953427B42<\/p><p>KVK-Nummer: 92386407<\/p>\t\t\t\t\t\t<\/div>\n\t\t\t\t<\/div>\n\t\t\t\t\t<\/div>\n\t\t\t\t<\/div>\n\t\t\t\t<div class=\"elementor-element elementor-element-bf0a0bb elementor-widget elementor-widget-heading\" data-id=\"bf0a0bb\" data-element_type=\"widget\" data-widget_type=\"heading.default\">\n\t\t\t\t<div class=\"elementor-widget-container\">\n\t\t\t<h2 class=\"elementor-heading-title elementor-size-default\"> Beschleunigen Sie Ihr Fahrradgesch\u00e4ft noch heute!<\/h2>\t\t<\/div>\n\t\t\t\t<\/div>\n\t\t\t\t<div class=\"elementor-element elementor-element-1659fbd elementor-widget elementor-widget-text-editor\" data-id=\"1659fbd\" data-element_type=\"widget\" data-widget_type=\"text-editor.default\">\n\t\t\t\t<div class=\"elementor-widget-container\">\n\t\t\t\t\t\t\t<p>Stellen Sie sich den aktuellen und zuk\u00fcnftigen Herausforderungen der Fahrradbranche. Profitieren Sie von einem kostenlosen Beratungsgespr\u00e4ch mit Bj\u00f6rn Gast, der einen zukunftsorientierten Ansatz und solide Strategien mitbringt, um sicherzustellen, dass Ihr Unternehmen nicht nur die Komplexit\u00e4t des aktuellen Marktes bew\u00e4ltigt, sondern auch langfristig erfolgreich ist.<\/p>\t\t\t\t\t\t<\/div>\n\t\t\t\t<\/div>\n\t\t\t\t<div class=\"elementor-element elementor-element-6717cb6 elementor-align-left elementor-widget elementor-widget-button\" data-id=\"6717cb6\" data-element_type=\"widget\" data-widget_type=\"button.default\">\n\t\t\t\t<div class=\"elementor-widget-container\">\n\t\t\t\t\t<div class=\"elementor-button-wrapper\">\n\t\t\t<a class=\"elementor-button elementor-button-link elementor-size-sm\" href=\"https:\/\/gast-consulting.com\/de\/contact-us\/\">\n\t\t\t\t\t\t<span class=\"elementor-button-content-wrapper\">\n\t\t\t\t\t\t<span class=\"elementor-button-text\">Jetzt kostenlose Potenzialanalyse vereinbaren<\/span>\n\t\t<\/span>\n\t\t\t\t\t<\/a>\n\t\t<\/div>\n\t\t\t\t<\/div>\n\t\t\t\t<\/div>\n\t\t\t\t<div class=\"elementor-element elementor-element-9676295 elementor-widget elementor-widget-text-editor\" data-id=\"9676295\" data-element_type=\"widget\" data-widget_type=\"text-editor.default\">\n\t\t\t\t<div class=\"elementor-widget-container\">\n\t\t\t\t\t\t\t<p>Copyright Informationen<\/p>\t\t\t\t\t\t<\/div>\n\t\t\t\t<\/div>\n\t\t\t\t<div class=\"elementor-element elementor-element-0d9801f elementor-widget elementor-widget-text-editor\" data-id=\"0d9801f\" data-element_type=\"widget\" data-widget_type=\"text-editor.default\">\n\t\t\t\t<div class=\"elementor-widget-container\">\n\t\t\t\t\t\t\t<p class=\" translation-block\">Copyright \u00a9 2024 <strong><span style=\"color: #d01126\">@Gast Bike Business Consulting<\/span><\/strong>. Alle Rechte vorbehalten. Der gesamte Inhalt dieser Website, einschlie\u00dflich der Texte, Grafiken, Logos, Bilder und Software, ist Eigentum von Gast Bike Business Consulting oder seinen Inhaltslieferanten und ist durch das Urheberrecht gesch\u00fctzt.<\/p>\t\t\t\t\t\t<\/div>\n\t\t\t\t<\/div>\n\t\t\t\t<div class=\"elementor-element elementor-element-ada3f31 elementor-widget elementor-widget-text-editor\" data-id=\"ada3f31\" data-element_type=\"widget\" data-widget_type=\"text-editor.default\">\n\t\t\t\t<div class=\"elementor-widget-container\">\n\t\t\t\t\t\t\t<p>Datenschutz und Privatsph\u00e4re<\/p>\t\t\t\t\t\t<\/div>\n\t\t\t\t<\/div>\n\t\t\t\t<div class=\"elementor-element elementor-element-41e7b40 elementor-widget elementor-widget-text-editor\" data-id=\"41e7b40\" data-element_type=\"widget\" data-widget_type=\"text-editor.default\">\n\t\t\t\t<div class=\"elementor-widget-container\">\n\t\t\t\t\t\t\t<p>Wir von Gast Bike Business Consulting verpflichten uns, die Privatsph\u00e4re und die Sicherheit der Besucher unserer Website zu sch\u00fctzen. Ausf\u00fchrliche Informationen dar\u00fcber, wie wir Ihre pers\u00f6nlichen Daten sammeln, verwenden und sch\u00fctzen, finden Sie auf unserer Datenschutzseite. Sollten Sie Fragen haben oder weitere Informationen ben\u00f6tigen, kontaktieren Sie uns bitte unter info@gast-consulting.com.<\/p>\t\t\t\t\t\t<\/div>\n\t\t\t\t<\/div>\n\t\t\t\t<div class=\"elementor-element elementor-element-ffff528 elementor-widget elementor-widget-text-editor\" data-id=\"ffff528\" data-element_type=\"widget\" data-widget_type=\"text-editor.default\">\n\t\t\t\t<div class=\"elementor-widget-container\">\n\t\t\t\t\t\t\t<p>Externe Links<\/p>\t\t\t\t\t\t<\/div>\n\t\t\t\t<\/div>\n\t\t\t\t<div class=\"elementor-element elementor-element-775bd65 elementor-widget elementor-widget-text-editor\" data-id=\"775bd65\" data-element_type=\"widget\" data-widget_type=\"text-editor.default\">\n\t\t\t\t<div class=\"elementor-widget-container\">\n\t\t\t\t\t\t\t<p>Unsere Website kann Links zu externen Websites enthalten, die nicht von Gast Bike Business Consulting betrieben werden. Bitte beachten Sie, dass wir keine Kontrolle \u00fcber den Inhalt und die Praktiken dieser Seiten haben und keine Verantwortung oder Haftung f\u00fcr die jeweiligen Datenschutzrichtlinien \u00fcbernehmen k\u00f6nnen.<\/p>\t\t\t\t\t\t<\/div>\n\t\t\t\t<\/div>\n\t\t\t\t<\/div>\n\t\t\t\t\t<\/div>\n\t\t\t\t<\/div>\n\t\t<div class=\"elementor-element elementor-element-08a68c2 e-flex e-con-boxed elementor-invisible e-con e-parent\" data-id=\"08a68c2\" data-element_type=\"container\" data-settings=\"{&quot;background_background&quot;:&quot;classic&quot;,&quot;animation&quot;:&quot;fadeInUp&quot;,&quot;content_width&quot;:&quot;boxed&quot;}\" data-core-v316-plus=\"true\">\n\t\t\t\t\t<div class=\"e-con-inner\">\n\t\t<div class=\"elementor-element elementor-element-48d4335 e-flex e-con-boxed e-con e-child\" data-id=\"48d4335\" data-element_type=\"container\" data-settings=\"{&quot;background_background&quot;:&quot;classic&quot;,&quot;content_width&quot;:&quot;boxed&quot;}\">\n\t\t\t\t\t<div class=\"e-con-inner\">\n\t\t\t\t<div class=\"elementor-element elementor-element-8d72779 elementor-widget__width-initial elementor-widget elementor-widget-heading\" data-id=\"8d72779\" data-element_type=\"widget\" data-widget_type=\"heading.default\">\n\t\t\t\t<div class=\"elementor-widget-container\">\n\t\t\t<h2 class=\"elementor-heading-title elementor-size-default\"> Beschleunigen Sie Ihr Fahrradgesch\u00e4ft noch heute!<\/h2>\t\t<\/div>\n\t\t\t\t<\/div>\n\t\t\t\t<div class=\"elementor-element elementor-element-42bd5f0 elementor-widget__width-initial elementor-widget elementor-widget-text-editor\" data-id=\"42bd5f0\" data-element_type=\"widget\" data-widget_type=\"text-editor.default\">\n\t\t\t\t<div class=\"elementor-widget-container\">\n\t\t\t\t\t\t\t<p>Stellen Sie sich den aktuellen und zuk\u00fcnftigen Herausforderungen der Fahrradbranche. Profitieren Sie von einem kostenlosen Beratungsgespr\u00e4ch mit Bj\u00f6rn Gast, der einen zukunftsorientierten Ansatz und solide Strategien mitbringt, um sicherzustellen, dass Ihr Unternehmen nicht nur die Komplexit\u00e4t des aktuellen Marktes bew\u00e4ltigt, sondern auch langfristig erfolgreich ist.<\/p>\t\t\t\t\t\t<\/div>\n\t\t\t\t<\/div>\n\t\t\t\t<div class=\"elementor-element elementor-element-13dfedb elementor-align-left elementor-widget elementor-widget-button\" data-id=\"13dfedb\" data-element_type=\"widget\" data-widget_type=\"button.default\">\n\t\t\t\t<div class=\"elementor-widget-container\">\n\t\t\t\t\t<div class=\"elementor-button-wrapper\">\n\t\t\t<a class=\"elementor-button elementor-button-link elementor-size-sm\" href=\"https:\/\/gast-consulting.com\/de\/contact-us\/\">\n\t\t\t\t\t\t<span class=\"elementor-button-content-wrapper\">\n\t\t\t\t\t\t<span class=\"elementor-button-text\">Jetzt kostenlose Potenzialanalyse vereinbaren<\/span>\n\t\t<\/span>\n\t\t\t\t\t<\/a>\n\t\t<\/div>\n\t\t\t\t<\/div>\n\t\t\t\t<\/div>\n\t\t\t\t\t<\/div>\n\t\t\t\t<\/div>\n\t\t\t\t\t<\/div>\n\t\t\t\t<\/div>\n\t\t\t\t<\/div>","protected":false},"excerpt":{"rendered":"<p>Imprint Gast Bike Business Consulting The content on the Gast Bike Business Consulting website is for general information purposes only. Gast Bike Business Consulting makes no representations or warranties about the completeness, accuracy, reliability, suitability, or availability of the website&#8217;s content. Any reliance you place on such information is strictly at your own risk. Contact [&hellip;]<\/p>","protected":false},"author":1,"featured_media":0,"parent":0,"menu_order":0,"comment_status":"closed","ping_status":"closed","template":"","meta":{"footnotes":""},"class_list":["post-342","page","type-page","status-publish","hentry"],"_links":{"self":[{"href":"https:\/\/gast-consulting.com\/de\/wp-json\/wp\/v2\/pages\/342","targetHints":{"allow":["GET"]}}],"collection":[{"href":"https:\/\/gast-consulting.com\/de\/wp-json\/wp\/v2\/pages"}],"about":[{"href":"https:\/\/gast-consulting.com\/de\/wp-json\/wp\/v2\/types\/page"}],"author":[{"embeddable":true,"href":"https:\/\/gast-consulting.com\/de\/wp-json\/wp\/v2\/users\/1"}],"replies":[{"embeddable":true,"href":"https:\/\/gast-consulting.com\/de\/wp-json\/wp\/v2\/comments?post=342"}],"version-history":[{"count":79,"href":"https:\/\/gast-consulting.com\/de\/wp-json\/wp\/v2\/pages\/342\/revisions"}],"predecessor-version":[{"id":2261,"href":"https:\/\/gast-consulting.com\/de\/wp-json\/wp\/v2\/pages\/342\/revisions\/2261"}],"wp:attachment":[{"href":"https:\/\/gast-consulting.com\/de\/wp-json\/wp\/v2\/media?parent=342"}],"curies":[{"name":"wp","href":"https:\/\/api.w.org\/{rel}","templated":true}]}}