{"id":264,"date":"2024-01-06T05:49:42","date_gmt":"2024-01-06T05:49:42","guid":{"rendered":"https:\/\/dev.logicsaint.com\/gbbc\/?page_id=264"},"modified":"2024-02-29T23:39:02","modified_gmt":"2024-02-29T23:39:02","slug":"data-policy","status":"publish","type":"page","link":"https:\/\/gast-consulting.com\/de\/data-policy\/","title":{"rendered":"Datenschutz"},"content":{"rendered":"<div data-elementor-type=\"wp-page\" data-elementor-id=\"264\" class=\"elementor elementor-264\" data-elementor-post-type=\"page\">\n\t\t\t\t<div class=\"elementor-element elementor-element-c4ddc4f e-flex e-con-boxed e-con e-parent\" data-id=\"c4ddc4f\" data-element_type=\"container\" data-settings=\"{&quot;background_background&quot;:&quot;classic&quot;,&quot;content_width&quot;:&quot;boxed&quot;}\" data-core-v316-plus=\"true\">\n\t\t\t\t\t<div class=\"e-con-inner\">\n\t\t\t\t<div class=\"elementor-element elementor-element-61c9fb0 elementor-widget elementor-widget-heading\" data-id=\"61c9fb0\" data-element_type=\"widget\" data-widget_type=\"heading.default\">\n\t\t\t\t<div class=\"elementor-widget-container\">\n\t\t\t<style>\/*! elementor - v3.19.0 - 07-02-2024 *\/\n.elementor-heading-title{padding:0;margin:0;line-height:1}.elementor-widget-heading .elementor-heading-title[class*=elementor-size-]>a{color:inherit;font-size:inherit;line-height:inherit}.elementor-widget-heading .elementor-heading-title.elementor-size-small{font-size:15px}.elementor-widget-heading .elementor-heading-title.elementor-size-medium{font-size:19px}.elementor-widget-heading .elementor-heading-title.elementor-size-large{font-size:29px}.elementor-widget-heading .elementor-heading-title.elementor-size-xl{font-size:39px}.elementor-widget-heading .elementor-heading-title.elementor-size-xxl{font-size:59px}<\/style><h2 class=\"elementor-heading-title elementor-size-default\">Datenschutz<\/h2>\t\t<\/div>\n\t\t\t\t<\/div>\n\t\t\t\t\t<\/div>\n\t\t\t\t<\/div>\n\t\t<div class=\"elementor-element elementor-element-3a4b0c8 e-flex e-con-boxed e-con e-parent\" data-id=\"3a4b0c8\" data-element_type=\"container\" data-settings=\"{&quot;background_background&quot;:&quot;classic&quot;,&quot;content_width&quot;:&quot;boxed&quot;}\" data-core-v316-plus=\"true\">\n\t\t\t\t\t<div class=\"e-con-inner\">\n\t\t<div class=\"elementor-element elementor-element-b0ace28 e-con-full e-flex elementor-invisible e-con e-child\" data-id=\"b0ace28\" data-element_type=\"container\" data-settings=\"{&quot;content_width&quot;:&quot;full&quot;,&quot;animation&quot;:&quot;fadeInUp&quot;}\">\n\t\t\t\t<div class=\"elementor-element elementor-element-29ba00d elementor-widget elementor-widget-text-editor\" data-id=\"29ba00d\" data-element_type=\"widget\" data-widget_type=\"text-editor.default\">\n\t\t\t\t<div class=\"elementor-widget-container\">\n\t\t\t<style>\/*! elementor - v3.19.0 - 07-02-2024 *\/\n.elementor-widget-text-editor.elementor-drop-cap-view-stacked .elementor-drop-cap{background-color:#69727d;color:#fff}.elementor-widget-text-editor.elementor-drop-cap-view-framed .elementor-drop-cap{color:#69727d;border:3px solid;background-color:transparent}.elementor-widget-text-editor:not(.elementor-drop-cap-view-default) .elementor-drop-cap{margin-top:8px}.elementor-widget-text-editor:not(.elementor-drop-cap-view-default) .elementor-drop-cap-letter{width:1em;height:1em}.elementor-widget-text-editor .elementor-drop-cap{float:left;text-align:center;line-height:1;font-size:50px}.elementor-widget-text-editor .elementor-drop-cap-letter{display:inline-block}<\/style>\t\t\t\t<p><span style=\"color: #2d2d2d;\"><span style=\"caret-color: #2d2d2d;\">Gast Bike Business Consulting<\/span><\/span>\u00a0<span style=\"color: #d01126;\">Einleitung<\/span><\/p>\t\t\t\t\t\t<\/div>\n\t\t\t\t<\/div>\n\t\t\t\t<div class=\"elementor-element elementor-element-f7402ff elementor-widget elementor-widget-text-editor\" data-id=\"f7402ff\" data-element_type=\"widget\" data-widget_type=\"text-editor.default\">\n\t\t\t\t<div class=\"elementor-widget-container\">\n\t\t\t\t\t\t\t<p>Wir bei Gast Bike Business Consulting verpflichten uns, die Privatsph\u00e4re und Sicherheit unserer Kunden und Website-Besucher zu sch\u00fctzen. In dieser Datenschutzrichtlinie wird erl\u00e4utert, wie wir Ihre personenbezogenen Daten in \u00dcbereinstimmung mit der Allgemeinen Datenschutzverordnung (GDPR) und den niederl\u00e4ndischen Datenschutzgesetzen erfassen, verwenden, speichern und sch\u00fctzen. Unsere globalen Dienstleistungen sind auf den Schutz Ihrer Privatsph\u00e4re ausgerichtet und gew\u00e4hrleisten eine sichere und vertrauensw\u00fcrdige Erfahrung.<\/p>\t\t\t\t\t\t<\/div>\n\t\t\t\t<\/div>\n\t\t\t\t<div class=\"elementor-element elementor-element-2b11bc0 elementor-widget elementor-widget-text-editor\" data-id=\"2b11bc0\" data-element_type=\"widget\" data-widget_type=\"text-editor.default\">\n\t\t\t\t<div class=\"elementor-widget-container\">\n\t\t\t\t\t\t\t<p><span style=\"color: #2d2d2d;\">Hosting- und Websiten-\u00a0<\/span><span style=\"color: #d01126;\">Tools<\/span><\/p>\t\t\t\t\t\t<\/div>\n\t\t\t\t<\/div>\n\t\t\t\t<div class=\"elementor-element elementor-element-cabf67e elementor-widget elementor-widget-text-editor\" data-id=\"cabf67e\" data-element_type=\"widget\" data-widget_type=\"text-editor.default\">\n\t\t\t\t<div class=\"elementor-widget-container\">\n\t\t\t\t\t\t\t<ul><li>Strato-Hosting: Unsere Website wird sicher von Strato gehostet, so dass die Daten in \u00dcbereinstimmung mit den EU-Datenschutzstandards gespeichert werden.<\/li><li>CookieYes: Wir setzen CookieYes f\u00fcr die Verwaltung von Cookies ein, um sicherzustellen, dass die Zustimmung f\u00fcr Cookies in \u00dcbereinstimmung mit der DSGVO eingeholt wird.<\/li><\/ul>\t\t\t\t\t\t<\/div>\n\t\t\t\t<\/div>\n\t\t\t\t<div class=\"elementor-element elementor-element-ea6bef5 elementor-widget elementor-widget-text-editor\" data-id=\"ea6bef5\" data-element_type=\"widget\" data-widget_type=\"text-editor.default\">\n\t\t\t\t<div class=\"elementor-widget-container\">\n\t\t\t\t\t\t\t<p><span style=\"color: #2d2d2d;\">Datenerhebung<\/span><span style=\"color: #d01126;\">, Verwendung und Zustimmung<\/span><\/p>\t\t\t\t\t\t<\/div>\n\t\t\t\t<\/div>\n\t\t\t\t<div class=\"elementor-element elementor-element-0d9801f elementor-widget elementor-widget-text-editor\" data-id=\"0d9801f\" data-element_type=\"widget\" data-widget_type=\"text-editor.default\">\n\t\t\t\t<div class=\"elementor-widget-container\">\n\t\t\t\t\t\t\t<ul><li>Pers\u00f6nliche Daten: Wir erheben personenbezogene Daten (z. B. Name, E-Mail) direkt von Ihnen, wenn Sie unsere Dienste oder unsere Website in Anspruch nehmen. Diese Daten werden verwendet, um unsere Dienste bereitzustellen und zu verbessern, auf Anfragen zu antworten und gesetzliche Verpflichtungen zu erf\u00fcllen.<\/li><li>Analytik: Google Analytics wird verwendet, um die Nutzung der Website zu verstehen, die in anonymisierter Form gesammelt wird. Dies hilft uns, die Nutzererfahrung und die Leistung der Website zu verbessern.<\/li><li>Rechtsgrundlage: Die Verarbeitung erfolgt auf der Grundlage einer Einwilligung, eines berechtigten Interesses oder wenn dies f\u00fcr die Vertragserf\u00fcllung oder die Einhaltung von Rechtsvorschriften erforderlich ist.<\/li><\/ul>\t\t\t\t\t\t<\/div>\n\t\t\t\t<\/div>\n\t\t\t\t<div class=\"elementor-element elementor-element-55c757e elementor-widget elementor-widget-text-editor\" data-id=\"55c757e\" data-element_type=\"widget\" data-widget_type=\"text-editor.default\">\n\t\t\t\t<div class=\"elementor-widget-container\">\n\t\t\t\t\t\t\t<p>Schutz von\u00a0<span style=\"color: #d01126;\">Minderj\u00e4hrigen<\/span><\/p>\t\t\t\t\t\t<\/div>\n\t\t\t\t<\/div>\n\t\t\t\t<div class=\"elementor-element elementor-element-41e7b40 elementor-widget elementor-widget-text-editor\" data-id=\"41e7b40\" data-element_type=\"widget\" data-widget_type=\"text-editor.default\">\n\t\t\t\t<div class=\"elementor-widget-container\">\n\t\t\t\t\t\t\t<p>Wir sammeln nicht absichtlich Daten von Personen unter 16 Jahren ohne die Zustimmung der Eltern. Sollten solche Daten erhoben werden, werden wir Ma\u00dfnahmen ergreifen, um sie umgehend zu l\u00f6schen. Eltern oder Erziehungsberechtigte werden gebeten, sich mit uns in Verbindung zu setzen, wenn sie Bedenken bez\u00fcglich der Daten von Minderj\u00e4hrigen haben.<\/p>\t\t\t\t\t\t<\/div>\n\t\t\t\t<\/div>\n\t\t\t\t<div class=\"elementor-element elementor-element-2155afa elementor-widget elementor-widget-text-editor\" data-id=\"2155afa\" data-element_type=\"widget\" data-widget_type=\"text-editor.default\">\n\t\t\t\t<div class=\"elementor-widget-container\">\n\t\t\t\t\t\t\t<p>EU-Richtlinien und Einhaltung der\u00a0<span style=\"color: #d01126;\">DSGVO<\/span><\/p>\t\t\t\t\t\t<\/div>\n\t\t\t\t<\/div>\n\t\t\t\t<div class=\"elementor-element elementor-element-775bd65 elementor-widget elementor-widget-text-editor\" data-id=\"775bd65\" data-element_type=\"widget\" data-widget_type=\"text-editor.default\">\n\t\t\t\t<div class=\"elementor-widget-container\">\n\t\t\t\t\t\t\t<p>Wir verpflichten uns zur vollst\u00e4ndigen Einhaltung der Datenschutz-Grundverordnung (DSGVO) und der einschl\u00e4gigen EU-Richtlinien, um sicherzustellen, dass die Datenschutzrechte respektiert werden.<\/p>\t\t\t\t\t\t<\/div>\n\t\t\t\t<\/div>\n\t\t\t\t<div class=\"elementor-element elementor-element-c30bdf3 elementor-widget elementor-widget-text-editor\" data-id=\"c30bdf3\" data-element_type=\"widget\" data-widget_type=\"text-editor.default\">\n\t\t\t\t<div class=\"elementor-widget-container\">\n\t\t\t\t\t\t\t<p>Datenrechte und <span style=\"color: #d01126;\">Zugang<\/span><\/p>\t\t\t\t\t\t<\/div>\n\t\t\t\t<\/div>\n\t\t\t\t<div class=\"elementor-element elementor-element-4c27a59 elementor-widget elementor-widget-text-editor\" data-id=\"4c27a59\" data-element_type=\"widget\" data-widget_type=\"text-editor.default\">\n\t\t\t\t<div class=\"elementor-widget-container\">\n\t\t\t\t\t\t\t<p>Einzelpersonen haben nach der DSGVO Rechte, darunter das Recht auf Auskunft, Berichtigung, L\u00f6schung und Widerspruch gegen die Verarbeitung. Entsprechende Antr\u00e4ge k\u00f6nnen an info@gast-consulting.com gestellt werden.<\/p>\t\t\t\t\t\t<\/div>\n\t\t\t\t<\/div>\n\t\t\t\t<div class=\"elementor-element elementor-element-f353eef elementor-widget elementor-widget-text-editor\" data-id=\"f353eef\" data-element_type=\"widget\" data-widget_type=\"text-editor.default\">\n\t\t\t\t<div class=\"elementor-widget-container\">\n\t\t\t\t\t\t\t<p>Datensicherheit und internationale<span style=\"color: #d01126;\">\u00a0\u00dcbermittlung<\/span><\/p>\t\t\t\t\t\t<\/div>\n\t\t\t\t<\/div>\n\t\t\t\t<div class=\"elementor-element elementor-element-60e3a5d elementor-widget elementor-widget-text-editor\" data-id=\"60e3a5d\" data-element_type=\"widget\" data-widget_type=\"text-editor.default\">\n\t\t\t\t<div class=\"elementor-widget-container\">\n\t\t\t\t\t\t\t<p>Wir setzen strenge Sicherheitsma\u00dfnahmen zum Schutz der Daten ein. Bei internationalen \u00dcbermittlungen stellen wir die Einhaltung der Datenschutzgrundverordnung durch angemessene Schutzma\u00dfnahmen oder Standardvertragsklauseln sicher.<\/p>\t\t\t\t\t\t<\/div>\n\t\t\t\t<\/div>\n\t\t\t\t<div class=\"elementor-element elementor-element-cf799b5 elementor-widget elementor-widget-text-editor\" data-id=\"cf799b5\" data-element_type=\"widget\" data-widget_type=\"text-editor.default\">\n\t\t\t\t<div class=\"elementor-widget-container\">\n\t\t\t\t\t\t\t<p>\u00c4nderungen und<span style=\"color: #d01126;\">\u00a0Aktualisierungen<\/span><\/p>\t\t\t\t\t\t<\/div>\n\t\t\t\t<\/div>\n\t\t\t\t<div class=\"elementor-element elementor-element-d5dd807 elementor-widget elementor-widget-text-editor\" data-id=\"d5dd807\" data-element_type=\"widget\" data-widget_type=\"text-editor.default\">\n\t\t\t\t<div class=\"elementor-widget-container\">\n\t\t\t\t\t\t\t<p>Diese Richtlinie kann aktualisiert werden, um \u00c4nderungen der rechtlichen Anforderungen oder unserer Praktiken zu ber\u00fccksichtigen. Wir empfehlen, diese Richtlinie regelm\u00e4\u00dfig zu lesen, um die neuesten Informationen \u00fcber unsere Datenschutzpraktiken zu erhalten.<\/p>\t\t\t\t\t\t<\/div>\n\t\t\t\t<\/div>\n\t\t\t\t<div class=\"elementor-element elementor-element-fa1dfc9 elementor-widget elementor-widget-text-editor\" data-id=\"fa1dfc9\" data-element_type=\"widget\" data-widget_type=\"text-editor.default\">\n\t\t\t\t<div class=\"elementor-widget-container\">\n\t\t\t\t\t\t\t<p><span style=\"color: #2d2d2d;\">Kontaktieren Sie\u00a0<\/span><span style=\"caret-color: #d01126; color: #d01126; text-align: var(--text-align);\">uns<\/span><\/p>\t\t\t\t\t\t<\/div>\n\t\t\t\t<\/div>\n\t\t\t\t<div class=\"elementor-element elementor-element-5e2fa6b elementor-widget elementor-widget-text-editor\" data-id=\"5e2fa6b\" data-element_type=\"widget\" data-widget_type=\"text-editor.default\">\n\t\t\t\t<div class=\"elementor-widget-container\">\n\t\t\t\t\t\t\t<p class=\" translation-block\">Wenn Sie weitere Informationen \u00fcber unsere Datenschutzpraktiken w\u00fcnschen, Fragen haben oder eine Beschwerde einreichen m\u00f6chten, kontaktieren Sie uns bitte per E-Mail unter <strong><span style=\"color: #d01126\">info@gast-consulting.com<\/span><\/strong>.<\/p>\t\t\t\t\t\t<\/div>\n\t\t\t\t<\/div>\n\t\t\t\t<\/div>\n\t\t\t\t\t<\/div>\n\t\t\t\t<\/div>\n\t\t<div class=\"elementor-element elementor-element-f1b438c e-flex e-con-boxed elementor-invisible e-con e-parent\" data-id=\"f1b438c\" data-element_type=\"container\" data-settings=\"{&quot;background_background&quot;:&quot;classic&quot;,&quot;animation&quot;:&quot;fadeInUp&quot;,&quot;content_width&quot;:&quot;boxed&quot;}\" data-core-v316-plus=\"true\">\n\t\t\t\t\t<div class=\"e-con-inner\">\n\t\t<div class=\"elementor-element elementor-element-f4c020c e-flex e-con-boxed e-con e-child\" data-id=\"f4c020c\" data-element_type=\"container\" data-settings=\"{&quot;background_background&quot;:&quot;classic&quot;,&quot;content_width&quot;:&quot;boxed&quot;}\">\n\t\t\t\t\t<div class=\"e-con-inner\">\n\t\t\t\t<div class=\"elementor-element elementor-element-9de7f33 elementor-widget__width-initial elementor-widget elementor-widget-heading\" data-id=\"9de7f33\" data-element_type=\"widget\" data-widget_type=\"heading.default\">\n\t\t\t\t<div class=\"elementor-widget-container\">\n\t\t\t<h2 class=\"elementor-heading-title elementor-size-default\"> Beschleunigen Sie Ihr Fahrradgesch\u00e4ft noch heute!<\/h2>\t\t<\/div>\n\t\t\t\t<\/div>\n\t\t\t\t<div class=\"elementor-element elementor-element-a037c99 elementor-widget__width-initial elementor-widget elementor-widget-text-editor\" data-id=\"a037c99\" data-element_type=\"widget\" data-widget_type=\"text-editor.default\">\n\t\t\t\t<div class=\"elementor-widget-container\">\n\t\t\t\t\t\t\t<p>Stellen Sie sich den aktuellen und zuk\u00fcnftigen Herausforderungen der Fahrradbranche. Profitieren Sie von einem kostenlosen Beratungsgespr\u00e4ch mit Bj\u00f6rn Gast, der einen zukunftsorientierten Ansatz und solide Strategien mitbringt, um sicherzustellen, dass Ihr Unternehmen nicht nur die Komplexit\u00e4t des aktuellen Marktes bew\u00e4ltigt, sondern auch langfristig erfolgreich ist.<\/p>\t\t\t\t\t\t<\/div>\n\t\t\t\t<\/div>\n\t\t\t\t<div class=\"elementor-element elementor-element-451b02f elementor-align-left elementor-widget elementor-widget-button\" data-id=\"451b02f\" data-element_type=\"widget\" data-widget_type=\"button.default\">\n\t\t\t\t<div class=\"elementor-widget-container\">\n\t\t\t\t\t<div class=\"elementor-button-wrapper\">\n\t\t\t<a class=\"elementor-button elementor-button-link elementor-size-sm\" href=\"https:\/\/gast-consulting.com\/de\/contact-us\/\">\n\t\t\t\t\t\t<span class=\"elementor-button-content-wrapper\">\n\t\t\t\t\t\t<span class=\"elementor-button-text\">Jetzt kostenlose Potenzialanalyse vereinbaren<\/span>\n\t\t<\/span>\n\t\t\t\t\t<\/a>\n\t\t<\/div>\n\t\t\t\t<\/div>\n\t\t\t\t<\/div>\n\t\t\t\t\t<\/div>\n\t\t\t\t<\/div>\n\t\t\t\t\t<\/div>\n\t\t\t\t<\/div>\n\t\t\t\t<\/div>","protected":false},"excerpt":{"rendered":"<p>Data Policy Gast Bike Business Consulting\u00a0Introduction At Gast Bike Business Consulting, we are committed to safeguarding the privacy and security of our clients and website visitors. This Data Protection Policy explains how we collect, use, store, and protect your personal data, in accordance with the General Data Protection Regulation (GDPR) and Dutch data protection laws. [&hellip;]<\/p>","protected":false},"author":1,"featured_media":0,"parent":0,"menu_order":0,"comment_status":"closed","ping_status":"closed","template":"","meta":{"footnotes":""},"class_list":["post-264","page","type-page","status-publish","hentry"],"_links":{"self":[{"href":"https:\/\/gast-consulting.com\/de\/wp-json\/wp\/v2\/pages\/264","targetHints":{"allow":["GET"]}}],"collection":[{"href":"https:\/\/gast-consulting.com\/de\/wp-json\/wp\/v2\/pages"}],"about":[{"href":"https:\/\/gast-consulting.com\/de\/wp-json\/wp\/v2\/types\/page"}],"author":[{"embeddable":true,"href":"https:\/\/gast-consulting.com\/de\/wp-json\/wp\/v2\/users\/1"}],"replies":[{"embeddable":true,"href":"https:\/\/gast-consulting.com\/de\/wp-json\/wp\/v2\/comments?post=264"}],"version-history":[{"count":88,"href":"https:\/\/gast-consulting.com\/de\/wp-json\/wp\/v2\/pages\/264\/revisions"}],"predecessor-version":[{"id":2204,"href":"https:\/\/gast-consulting.com\/de\/wp-json\/wp\/v2\/pages\/264\/revisions\/2204"}],"wp:attachment":[{"href":"https:\/\/gast-consulting.com\/de\/wp-json\/wp\/v2\/media?parent=264"}],"curies":[{"name":"wp","href":"https:\/\/api.w.org\/{rel}","templated":true}]}}