{"id":232,"date":"2024-01-06T05:21:47","date_gmt":"2024-01-06T05:21:47","guid":{"rendered":"https:\/\/dev.logicsaint.com\/gbbc\/?page_id=232"},"modified":"2024-02-29T23:34:17","modified_gmt":"2024-02-29T23:34:17","slug":"our-services","status":"publish","type":"page","link":"https:\/\/gast-consulting.com\/de\/our-services\/","title":{"rendered":"Dienstleistungen"},"content":{"rendered":"<div data-elementor-type=\"wp-page\" data-elementor-id=\"232\" class=\"elementor elementor-232\" data-elementor-post-type=\"page\">\n\t\t\t\t<div class=\"elementor-element elementor-element-c4ddc4f e-flex e-con-boxed e-con e-parent\" data-id=\"c4ddc4f\" data-element_type=\"container\" data-settings=\"{&quot;background_background&quot;:&quot;classic&quot;,&quot;content_width&quot;:&quot;boxed&quot;}\" data-core-v316-plus=\"true\">\n\t\t\t\t\t<div class=\"e-con-inner\">\n\t\t\t\t<div class=\"elementor-element elementor-element-61c9fb0 elementor-widget elementor-widget-heading\" data-id=\"61c9fb0\" data-element_type=\"widget\" data-widget_type=\"heading.default\">\n\t\t\t\t<div class=\"elementor-widget-container\">\n\t\t\t<style>\/*! elementor - v3.19.0 - 07-02-2024 *\/\n.elementor-heading-title{padding:0;margin:0;line-height:1}.elementor-widget-heading .elementor-heading-title[class*=elementor-size-]>a{color:inherit;font-size:inherit;line-height:inherit}.elementor-widget-heading .elementor-heading-title.elementor-size-small{font-size:15px}.elementor-widget-heading .elementor-heading-title.elementor-size-medium{font-size:19px}.elementor-widget-heading .elementor-heading-title.elementor-size-large{font-size:29px}.elementor-widget-heading .elementor-heading-title.elementor-size-xl{font-size:39px}.elementor-widget-heading .elementor-heading-title.elementor-size-xxl{font-size:59px}<\/style><h2 class=\"elementor-heading-title elementor-size-default\">Dienstleistungen<\/h2>\t\t<\/div>\n\t\t\t\t<\/div>\n\t\t\t\t\t<\/div>\n\t\t\t\t<\/div>\n\t\t<div class=\"elementor-element elementor-element-3628fa5 e-flex e-con-boxed e-con e-parent\" data-id=\"3628fa5\" data-element_type=\"container\" id=\"business-sales\" data-settings=\"{&quot;content_width&quot;:&quot;boxed&quot;}\" data-core-v316-plus=\"true\">\n\t\t\t\t\t<div class=\"e-con-inner\">\n\t\t<div class=\"elementor-element elementor-element-5883f42 e-con-full e-flex elementor-invisible e-con e-child\" data-id=\"5883f42\" data-element_type=\"container\" data-settings=\"{&quot;content_width&quot;:&quot;full&quot;,&quot;animation&quot;:&quot;fadeInLeft&quot;}\">\n\t\t\t\t<div class=\"elementor-element elementor-element-f09b150 elementor-widget elementor-widget-image\" data-id=\"f09b150\" data-element_type=\"widget\" data-widget_type=\"image.default\">\n\t\t\t\t<div class=\"elementor-widget-container\">\n\t\t\t<style>\/*! elementor - v3.19.0 - 07-02-2024 *\/\n.elementor-widget-image{text-align:center}.elementor-widget-image a{display:inline-block}.elementor-widget-image a img[src$=\".svg\"]{width:48px}.elementor-widget-image img{vertical-align:middle;display:inline-block}<\/style>\t\t\t\t\t\t\t\t\t\t<img fetchpriority=\"high\" decoding=\"async\" width=\"588\" height=\"548\" src=\"https:\/\/gast-consulting.com\/wp-content\/uploads\/2024\/01\/Group-1000001771.webp\" class=\"attachment-large size-large wp-image-236\" alt=\"\" srcset=\"https:\/\/gast-consulting.com\/wp-content\/uploads\/2024\/01\/Group-1000001771.webp 588w, https:\/\/gast-consulting.com\/wp-content\/uploads\/2024\/01\/Group-1000001771-300x280.webp 300w\" sizes=\"(max-width: 588px) 100vw, 588px\" \/>\t\t\t\t\t\t\t\t\t\t\t\t\t<\/div>\n\t\t\t\t<\/div>\n\t\t\t\t<\/div>\n\t\t<div class=\"elementor-element elementor-element-1643daf e-con-full e-flex elementor-invisible e-con e-child\" data-id=\"1643daf\" data-element_type=\"container\" data-settings=\"{&quot;content_width&quot;:&quot;full&quot;,&quot;animation&quot;:&quot;fadeInLeft&quot;}\">\n\t\t\t\t<div class=\"elementor-element elementor-element-9cf6edd elementor-widget__width-inherit elementor-widget elementor-widget-text-editor\" data-id=\"9cf6edd\" data-element_type=\"widget\" data-widget_type=\"text-editor.default\">\n\t\t\t\t<div class=\"elementor-widget-container\">\n\t\t\t<style>\/*! elementor - v3.19.0 - 07-02-2024 *\/\n.elementor-widget-text-editor.elementor-drop-cap-view-stacked .elementor-drop-cap{background-color:#69727d;color:#fff}.elementor-widget-text-editor.elementor-drop-cap-view-framed .elementor-drop-cap{color:#69727d;border:3px solid;background-color:transparent}.elementor-widget-text-editor:not(.elementor-drop-cap-view-default) .elementor-drop-cap{margin-top:8px}.elementor-widget-text-editor:not(.elementor-drop-cap-view-default) .elementor-drop-cap-letter{width:1em;height:1em}.elementor-widget-text-editor .elementor-drop-cap{float:left;text-align:center;line-height:1;font-size:50px}.elementor-widget-text-editor .elementor-drop-cap-letter{display:inline-block}<\/style>\t\t\t\t<p>Unternehmens- und Vertriebsberatung<\/p>\t\t\t\t\t\t<\/div>\n\t\t\t\t<\/div>\n\t\t\t\t<div class=\"elementor-element elementor-element-571bcbc elementor-widget elementor-widget-text-editor\" data-id=\"571bcbc\" data-element_type=\"widget\" data-widget_type=\"text-editor.default\">\n\t\t\t\t<div class=\"elementor-widget-container\">\n\t\t\t\t\t\t\t<p><strong>Eingehende Analyse Ihres Fahrradgesch\u00e4fts:<\/strong><br \/>Wir f\u00fchren eine gr\u00fcndliche Analyse Ihrer Gesch\u00e4ftsprozesse im Fahrradsektor durch und ermitteln Bereiche f\u00fcr Verbesserungen und Wachstum. Unser Team arbeitet eng mit Ihnen zusammen, um die Feinheiten Ihrer Unternehmung zu erfassen um sicherzustellen, dass unsere Strategien nahtlos mit Ihren Zielen \u00fcbereinstimmen.<\/p><p><strong>Ma\u00dfgeschneiderte Verkaufsstrategien f\u00fcr Fachleute der Fahrradbranche:<\/strong><br \/>Unser Expertenteam entwickelt ma\u00dfgeschneiderte Vertriebsschulungen f\u00fcr die Fahrradbranche, die sich auf Strategien zur Steigerung von Umsatz und Marktanteil konzentrieren. Diese Programme r\u00fcsten Ihr Team mit den F\u00e4higkeiten aus, die f\u00fcr den Erfolg im wettbewerbsintensiven Fahrradgesch\u00e4ft erforderlich sind.<\/p>\t\t\t\t\t\t<\/div>\n\t\t\t\t<\/div>\n\t\t\t\t<div class=\"elementor-element elementor-element-957c9fe elementor-align-left elementor-widget elementor-widget-button\" data-id=\"957c9fe\" data-element_type=\"widget\" data-widget_type=\"button.default\">\n\t\t\t\t<div class=\"elementor-widget-container\">\n\t\t\t\t\t<div class=\"elementor-button-wrapper\">\n\t\t\t<a class=\"elementor-button elementor-button-link elementor-size-sm\" href=\"https:\/\/gast-consulting.com\/de\/business-and-sales-consulting\/\">\n\t\t\t\t\t\t<span class=\"elementor-button-content-wrapper\">\n\t\t\t\t\t\t<span class=\"elementor-button-text\">Mehr erfahren<\/span>\n\t\t<\/span>\n\t\t\t\t\t<\/a>\n\t\t<\/div>\n\t\t\t\t<\/div>\n\t\t\t\t<\/div>\n\t\t\t\t<\/div>\n\t\t\t\t\t<\/div>\n\t\t\t\t<\/div>\n\t\t<div class=\"elementor-element elementor-element-cf60db6 e-flex e-con-boxed e-con e-parent\" data-id=\"cf60db6\" data-element_type=\"container\" id=\"match-making\" data-settings=\"{&quot;content_width&quot;:&quot;boxed&quot;}\" data-core-v316-plus=\"true\">\n\t\t\t\t\t<div class=\"e-con-inner\">\n\t\t<div class=\"elementor-element elementor-element-6cc6fa6 e-con-full e-flex elementor-invisible e-con e-child\" data-id=\"6cc6fa6\" data-element_type=\"container\" data-settings=\"{&quot;content_width&quot;:&quot;full&quot;,&quot;animation&quot;:&quot;fadeInRight&quot;}\">\n\t\t\t\t<div class=\"elementor-element elementor-element-20e8e93 elementor-widget__width-inherit elementor-widget elementor-widget-text-editor\" data-id=\"20e8e93\" data-element_type=\"widget\" data-widget_type=\"text-editor.default\">\n\t\t\t\t<div class=\"elementor-widget-container\">\n\t\t\t\t\t\t\t<p>Matchmaking<\/p>\t\t\t\t\t\t<\/div>\n\t\t\t\t<\/div>\n\t\t\t\t<div class=\"elementor-element elementor-element-c992ee7 elementor-widget elementor-widget-text-editor\" data-id=\"c992ee7\" data-element_type=\"widget\" data-widget_type=\"text-editor.default\">\n\t\t\t\t<div class=\"elementor-widget-container\">\n\t\t\t\t\t\t\t<p><strong>Umfassendes Networking innerhalb der Fahrradindustrie:<\/strong><br \/>Nutzen Sie unser umfangreiches Netzwerk in der Fahrradbranche, um ideale Partner zu finden. Wir erleichtern reibungslose Einf\u00fchrungen und Verhandlungen, vom ersten Kontakt bis zur endg\u00fcltigen Vereinbarung, und sorgen so f\u00fcr eine effektive Partnerschaftsentwicklung.<\/p><p><strong>Strategische Partnerschaftsbewertung f\u00fcr Fahrradunternehmen:<\/strong><br \/>Wir bewerten potenzielle Partnerschaften aus strategischer Sicht und konzentrieren uns dabei auf die Ausrichtung auf die Ziele Ihres Fahrradunternehmens. Diese Methode maximiert die Vorteile und minimiert die Risiken von neuen Kooperationen in der Fahrradbranche.<\/p>\t\t\t\t\t\t<\/div>\n\t\t\t\t<\/div>\n\t\t\t\t<div class=\"elementor-element elementor-element-0515f70 elementor-align-left elementor-widget elementor-widget-button\" data-id=\"0515f70\" data-element_type=\"widget\" data-widget_type=\"button.default\">\n\t\t\t\t<div class=\"elementor-widget-container\">\n\t\t\t\t\t<div class=\"elementor-button-wrapper\">\n\t\t\t<a class=\"elementor-button elementor-button-link elementor-size-sm\" href=\"https:\/\/gast-consulting.com\/de\/match-making\/\">\n\t\t\t\t\t\t<span class=\"elementor-button-content-wrapper\">\n\t\t\t\t\t\t<span class=\"elementor-button-text\">Mehr erfahren<\/span>\n\t\t<\/span>\n\t\t\t\t\t<\/a>\n\t\t<\/div>\n\t\t\t\t<\/div>\n\t\t\t\t<\/div>\n\t\t\t\t<\/div>\n\t\t<div class=\"elementor-element elementor-element-da02689 e-con-full e-flex elementor-invisible e-con e-child\" data-id=\"da02689\" data-element_type=\"container\" data-settings=\"{&quot;content_width&quot;:&quot;full&quot;,&quot;animation&quot;:&quot;fadeInRight&quot;}\">\n\t\t\t\t<div class=\"elementor-element elementor-element-872b152 elementor-widget elementor-widget-image\" data-id=\"872b152\" data-element_type=\"widget\" data-widget_type=\"image.default\">\n\t\t\t\t<div class=\"elementor-widget-container\">\n\t\t\t\t\t\t\t\t\t\t\t\t\t<img decoding=\"async\" width=\"635\" height=\"605\" src=\"https:\/\/gast-consulting.com\/wp-content\/uploads\/2024\/01\/Group-1000003598.webp\" class=\"attachment-large size-large wp-image-253\" alt=\"\" srcset=\"https:\/\/gast-consulting.com\/wp-content\/uploads\/2024\/01\/Group-1000003598.webp 635w, https:\/\/gast-consulting.com\/wp-content\/uploads\/2024\/01\/Group-1000003598-300x286.webp 300w\" sizes=\"(max-width: 635px) 100vw, 635px\" \/>\t\t\t\t\t\t\t\t\t\t\t\t\t<\/div>\n\t\t\t\t<\/div>\n\t\t\t\t<\/div>\n\t\t\t\t\t<\/div>\n\t\t\t\t<\/div>\n\t\t<div class=\"elementor-element elementor-element-cdc1c3d elementor-hidden-desktop elementor-hidden-tablet elementor-hidden-mobile e-flex e-con-boxed e-con e-parent\" data-id=\"cdc1c3d\" data-element_type=\"container\" id=\"interim-management\" data-settings=\"{&quot;background_background&quot;:&quot;classic&quot;,&quot;background_motion_fx_motion_fx_scrolling&quot;:&quot;yes&quot;,&quot;content_width&quot;:&quot;boxed&quot;,&quot;background_motion_fx_devices&quot;:[&quot;desktop&quot;,&quot;tablet&quot;,&quot;mobile&quot;]}\" data-core-v316-plus=\"true\">\n\t\t\t\t\t<div class=\"e-con-inner\">\n\t\t<div class=\"elementor-element elementor-element-fe2eddf e-con-full e-flex elementor-invisible e-con e-child\" data-id=\"fe2eddf\" data-element_type=\"container\" data-settings=\"{&quot;content_width&quot;:&quot;full&quot;,&quot;animation&quot;:&quot;fadeInLeft&quot;}\">\n\t\t\t\t<div class=\"elementor-element elementor-element-806c3d6 elementor-widget elementor-widget-image\" data-id=\"806c3d6\" data-element_type=\"widget\" data-widget_type=\"image.default\">\n\t\t\t\t<div class=\"elementor-widget-container\">\n\t\t\t\t\t\t\t\t\t\t\t\t\t<img decoding=\"async\" width=\"561\" height=\"583\" src=\"https:\/\/gast-consulting.com\/wp-content\/uploads\/2024\/01\/Group-1000001764-1.webp\" class=\"attachment-large size-large wp-image-254\" alt=\"\" srcset=\"https:\/\/gast-consulting.com\/wp-content\/uploads\/2024\/01\/Group-1000001764-1.webp 561w, https:\/\/gast-consulting.com\/wp-content\/uploads\/2024\/01\/Group-1000001764-1-289x300.webp 289w\" sizes=\"(max-width: 561px) 100vw, 561px\" \/>\t\t\t\t\t\t\t\t\t\t\t\t\t<\/div>\n\t\t\t\t<\/div>\n\t\t\t\t<\/div>\n\t\t<div class=\"elementor-element elementor-element-82b483f e-con-full e-flex elementor-invisible e-con e-child\" data-id=\"82b483f\" data-element_type=\"container\" data-settings=\"{&quot;content_width&quot;:&quot;full&quot;,&quot;animation&quot;:&quot;fadeInLeft&quot;}\">\n\t\t\t\t<div class=\"elementor-element elementor-element-96f195e elementor-widget__width-inherit elementor-widget elementor-widget-text-editor\" data-id=\"96f195e\" data-element_type=\"widget\" data-widget_type=\"text-editor.default\">\n\t\t\t\t<div class=\"elementor-widget-container\">\n\t\t\t\t\t\t\t<p>Interim Management<\/p>\t\t\t\t\t\t<\/div>\n\t\t\t\t<\/div>\n\t\t\t\t<div class=\"elementor-element elementor-element-a10e21a elementor-widget elementor-widget-text-editor\" data-id=\"a10e21a\" data-element_type=\"widget\" data-widget_type=\"text-editor.default\">\n\t\t\t\t<div class=\"elementor-widget-container\">\n\t\t\t\t\t\t\t<p>Diverse Expertise in the Bike Sector:<br \/>Our interim managers, with varied backgrounds in the bike industry, bring diverse perspectives and solutions to your management challenges in the cycling world.<\/p><p>Customized Leadership Solutions for Cycling Businesses:<br \/>We tailor our interim management services to fit the unique culture and needs of your bike company. This personalized approach guarantees that our interim leaders make an immediate and positive impact on your cycling business.<\/p>\t\t\t\t\t\t<\/div>\n\t\t\t\t<\/div>\n\t\t\t\t<div class=\"elementor-element elementor-element-830c048 elementor-align-left elementor-widget elementor-widget-button\" data-id=\"830c048\" data-element_type=\"widget\" data-widget_type=\"button.default\">\n\t\t\t\t<div class=\"elementor-widget-container\">\n\t\t\t\t\t<div class=\"elementor-button-wrapper\">\n\t\t\t<a class=\"elementor-button elementor-button-link elementor-size-sm\" href=\"https:\/\/gast-consulting.com\/de\/contact-us\/\">\n\t\t\t\t\t\t<span class=\"elementor-button-content-wrapper\">\n\t\t\t\t\t\t<span class=\"elementor-button-text\">Book Now<\/span>\n\t\t<\/span>\n\t\t\t\t\t<\/a>\n\t\t<\/div>\n\t\t\t\t<\/div>\n\t\t\t\t<\/div>\n\t\t\t\t<\/div>\n\t\t\t\t\t<\/div>\n\t\t\t\t<\/div>\n\t\t<div class=\"elementor-element elementor-element-d506e50 e-flex e-con-boxed elementor-invisible e-con e-parent\" data-id=\"d506e50\" data-element_type=\"container\" data-settings=\"{&quot;background_background&quot;:&quot;classic&quot;,&quot;animation&quot;:&quot;fadeInUp&quot;,&quot;content_width&quot;:&quot;boxed&quot;}\" data-core-v316-plus=\"true\">\n\t\t\t\t\t<div class=\"e-con-inner\">\n\t\t<div class=\"elementor-element elementor-element-1793589 e-flex e-con-boxed e-con e-child\" data-id=\"1793589\" data-element_type=\"container\" data-settings=\"{&quot;background_background&quot;:&quot;classic&quot;,&quot;content_width&quot;:&quot;boxed&quot;}\">\n\t\t\t\t\t<div class=\"e-con-inner\">\n\t\t\t\t<div class=\"elementor-element elementor-element-f704026 elementor-widget__width-initial elementor-widget elementor-widget-heading\" data-id=\"f704026\" data-element_type=\"widget\" data-widget_type=\"heading.default\">\n\t\t\t\t<div class=\"elementor-widget-container\">\n\t\t\t<h2 class=\"elementor-heading-title elementor-size-default\"> Beschleunigen Sie Ihr Fahrradgesch\u00e4ft noch heute!<\/h2>\t\t<\/div>\n\t\t\t\t<\/div>\n\t\t\t\t<div class=\"elementor-element elementor-element-0e2eadd elementor-widget__width-initial elementor-widget elementor-widget-text-editor\" data-id=\"0e2eadd\" data-element_type=\"widget\" data-widget_type=\"text-editor.default\">\n\t\t\t\t<div class=\"elementor-widget-container\">\n\t\t\t\t\t\t\t<p>Stellen Sie sich den aktuellen und zuk\u00fcnftigen Herausforderungen der Fahrradbranche. Profitieren Sie von einem kostenlosen Beratungsgespr\u00e4ch mit Bj\u00f6rn Gast, der einen zukunftsorientierten Ansatz und solide Strategien mitbringt, um sicherzustellen, dass Ihr Unternehmen nicht nur die Komplexit\u00e4t des aktuellen Marktes bew\u00e4ltigt, sondern auch langfristig erfolgreich ist.<\/p>\t\t\t\t\t\t<\/div>\n\t\t\t\t<\/div>\n\t\t\t\t<div class=\"elementor-element elementor-element-555bd75 elementor-align-left elementor-widget elementor-widget-button\" data-id=\"555bd75\" data-element_type=\"widget\" data-widget_type=\"button.default\">\n\t\t\t\t<div class=\"elementor-widget-container\">\n\t\t\t\t\t<div class=\"elementor-button-wrapper\">\n\t\t\t<a class=\"elementor-button elementor-button-link elementor-size-sm\" href=\"https:\/\/gast-consulting.com\/de\/contact-us\/\">\n\t\t\t\t\t\t<span class=\"elementor-button-content-wrapper\">\n\t\t\t\t\t\t<span class=\"elementor-button-text\">Jetzt kostenlose Potenzialanalyse vereinbaren<\/span>\n\t\t<\/span>\n\t\t\t\t\t<\/a>\n\t\t<\/div>\n\t\t\t\t<\/div>\n\t\t\t\t<\/div>\n\t\t\t\t\t<\/div>\n\t\t\t\t<\/div>\n\t\t\t\t\t<\/div>\n\t\t\t\t<\/div>\n\t\t\t\t<\/div>","protected":false},"excerpt":{"rendered":"<p>Our Services Business and Sales Consulting In-Depth Bike Business Analysis:We conduct thorough analysis of your business processes in the bike sector, identifying areas for improvement and growth. Our team collaborates closely with you to grasp the intricacies of your bike business, ensuring our strategies align seamlessly with your goals. Customized Sales Strategies for Bike Industry [&hellip;]<\/p>","protected":false},"author":1,"featured_media":0,"parent":0,"menu_order":0,"comment_status":"closed","ping_status":"closed","template":"","meta":{"footnotes":""},"class_list":["post-232","page","type-page","status-publish","hentry"],"_links":{"self":[{"href":"https:\/\/gast-consulting.com\/de\/wp-json\/wp\/v2\/pages\/232","targetHints":{"allow":["GET"]}}],"collection":[{"href":"https:\/\/gast-consulting.com\/de\/wp-json\/wp\/v2\/pages"}],"about":[{"href":"https:\/\/gast-consulting.com\/de\/wp-json\/wp\/v2\/types\/page"}],"author":[{"embeddable":true,"href":"https:\/\/gast-consulting.com\/de\/wp-json\/wp\/v2\/users\/1"}],"replies":[{"embeddable":true,"href":"https:\/\/gast-consulting.com\/de\/wp-json\/wp\/v2\/comments?post=232"}],"version-history":[{"count":112,"href":"https:\/\/gast-consulting.com\/de\/wp-json\/wp\/v2\/pages\/232\/revisions"}],"predecessor-version":[{"id":2195,"href":"https:\/\/gast-consulting.com\/de\/wp-json\/wp\/v2\/pages\/232\/revisions\/2195"}],"wp:attachment":[{"href":"https:\/\/gast-consulting.com\/de\/wp-json\/wp\/v2\/media?parent=232"}],"curies":[{"name":"wp","href":"https:\/\/api.w.org\/{rel}","templated":true}]}}